{"id":10326,"date":"2016-08-06T22:11:10","date_gmt":"2016-08-06T19:11:10","guid":{"rendered":"http:\/\/turhanlaw.com\/practice-areas\/aile-hukuku\/"},"modified":"2023-05-14T05:42:20","modified_gmt":"2023-05-14T02:42:20","slug":"family-and-inheritance-law","status":"publish","type":"page","link":"https:\/\/turhanlaw.com\/en\/practice-areas\/family-and-inheritance-law\/","title":{"rendered":"Family and Inheritance Law"},"content":{"rendered":"<p>[vc_row el_class=&#8221;row_icsayfa&#8221;][vc_column][vc_empty_space height=&#8221;75px&#8221;][vc_row_inner css=&#8221;.vc_custom_1671627404848{background-color: rgba(255,255,255,0.9) !important;*background-color: rgb(255,255,255) !important;}&#8221;][vc_column_inner][vc_raw_html]JTNDZGl2JTIwY2xhc3MlM0QlMjJmYWFsaXlldF9pY2VyaWslMjIlM0UlMEElM0NkaXYlMjBjbGFzcyUzRCUyMmZhYWxpeWV0X2ljZXJpa19iYXNsaWslMjIlM0UlMEElM0NoMSUzRUZhbWlseSUyMGFuZCUyMEluaGVyaXRhbmNlJTIwTGF3JTNDJTJGaDElM0UlMEElM0MlMkZkaXYlM0UlMEFPdXIlMjBsYXclMjBmaXJtJTIwcHJvdmlkZXMlMjB2YXJpb3VzJTIwbGVnYWwlMjBzZXJ2aWNlcyUyMGludGVuZGVkJTIwdG8lMjB0aGUlMjByZXF1aXJlbWVudHMlMjBvZiUyMGNsaWVudHMlMjBpbiUyMHRoZSUyMGZpZWxkJTIwb2YlMjBmYW1pbHklMjBhbmQlMjBpbmhlcml0YW5jZSUyMGxhdyUyQyUyMGluJTIwdGhpcyUyMGNvbnRleHQlMjBzb21lJTIwb2YlMjBvdXIlMjBzZXJ2aWNlcyUyMGFyZSUyMGFzJTIwZm9sbG93cyUzQSUwQSUzQ3VsJTNFJTBBJTIwJTA5JTNDbGklM0VQdXJzdWluZyUyMHRoZSUyMHVuY29udGVzdGVkJTIwYW5kJTIwY29udGVzdGVkJTIwZGl2b3JjZSUyMGNhc2VzJTJDJTNDJTJGbGklM0UlMEElMjAlMDklM0NsaSUzRURyYXdpbmclMjB1cCUyMHByb3RvY29scyUyMGZvciUyMHVuY29udGVzdGVkJTIwZGl2b3JjZSUyQyUzQyUyRmxpJTNFJTBBJTIwJTA5JTNDbGklM0VSZXByZXNlbnRpbmclMjB0aGUlMjBjbGllbnQlMjBpbiUyMHRoZSUyMGRpdm9yY2UlMjBzdWl0cyUyQyUyMGFsaW1vbnklMjBjYXNlcyUyQyUyMGN1c3RvZHklMjBvZiUyMGpvaW50JTIwY2hpbGQlMkMlMjBpbiUyMHRoZSUyMHN1aXRzJTIwZm9yJTIwcGVjdW5pYXJ5JTIwYW5kJTIwbm9uLXBlY3VuaWFyeSUyMGRhbWFnZXMlMjBhbmQlMjBpbiUyMGRpdmlzaW9uJTIwb2YlMjBtYXRyaW1vbmlhbCUyMHByb3BlcnR5JTIwY2FzZXMlMjB3aXRoaW4lMjB0aGUlMjBzcG91c2VzJTJDJTNDJTJGbGklM0UlMEElMjAlMDklM0NsaSUzRURyYXdpbmclMjB1cCUyMHByb3BlcnR5JTIwcmVnaW1lJTIwYWdyZWVtZW50cyUyMGJldHdlZW4lMjBzcG91c2VzJTIwYmVmb3JlJTIwbWFycmlhZ2UlMjBhbmQlMjBwcm92aWRpbmclMjBjb25zdWx0YW5jeSUyMHNlcnZpY2VzJTIwb24lMjB0aGlzJTIwc3ViamVjdCUyQyUzQyUyRmxpJTNFJTBBJTA5JTNDbGklM0VSZXByZXNlbnRpbmclMjBjbGllbnRzJTIwaW4lMjB0aGUlMjBsYXdzdWl0cyUyMHRvJTIwYmUlMjBmaWxlZCUyMGluJTIwb3JkZXIlMjB0byUyMHJlY292ZXIlMjBwZWN1bmlhcnklMjBhbmQlMjBub24tcGVjdW5pYXJ5JTIwZGFtYWdlcyUyMGFyaXNpbmclMjBmcm9tJTIwYnJlYWNoJTIwb2YlMjBwcm9taXNlJTJDJTNDJTJGbGklM0UlMEElMDklM0NsaSUzRVJlY29nbml0aW9uJTIwYW5kJTIwZW5mb3JjZW1lbnQlMjBvZiUyMGRpdm9yY2UlMjBkZWNpc2lvbnMlMjB0YWtlbiUyMGJ5JTIwZm9yZWlnbiUyMGNvdXJ0cyUyMGFib3V0JTIwVHVya2lzaCUyMGNpdGl6ZW5zJTIwbGl2aW5nJTIwYWJyb2FkJTJDJTNDJTJGbGklM0UlMEElMDklM0NsaSUzRVB1cnN1aW5nJTIwZXN0YWJsaXNobWVudCUyMGFuZCUyMHJlamVjdGlvbiUyMG9mJTIwcGF0ZXJuaXR5JTIwY2FzZXMlMkMlM0MlMkZsaSUzRSUwQSUwOSUzQ2xpJTNFRXhlY3V0aW9uJTIwb2YlMjBndWFyZGlhbnNoaXAlMjBjYXNlcyUyMGFuZCUyMGd1YXJkaWFuJTIwYXBwb2ludG1lbnQlMjBwcm9jZXNzZXMlMkMlM0MlMkZsaSUzRSUwQSUwOSUzQ2xpJTNFT2J0YWluaW5nJTIwY2VydGlmaWNhdGUlMjBvZiUyMGluaGVyaXRhbmNlJTIwJTI4bWlyYXMlQzMlQTclQzQlQjFsJUM0JUIxayUyMGJlbGdlc2klMjklMkMlMjBleGVjdXRpb24lMjBvZiUyMGluaGVyaXRhbmNlJTIwYW5kJTIwc3VjY2Vzc2lvbiUyMHByb2NlZHVyZXMlMkMlM0MlMkZsaSUzRSUwQSUwOSUzQ2xpJTNFUHJlcGFyYXRpb24lMjBvZiUyMGElMjB3aWxsJTJDJTIwY2FuY2VsbGF0aW9uJTIwb2YlMjBhbiUyMGV4aXN0aW5nJTIwd2lsbCUyQyUyMHByb3ZpZGluZyUyMGxlZ2FsJTIwY29uc3VsdGFuY3klMjBzZXJ2aWNlcyUyMGluJTIwdGhlJTIwcHJvY2Vzc2VzJTIwb2YlMjBvcGVuaW5nJTIwdGhlJTIwd2lsbCUyMGFuZCUyMHJlYWRpbmclMjBpdCUyMHRvJTIwdGhlJTIwcmVsZXZhbnQlMjBwYXJ0aWVzJTJDJTNDJTJGbGklM0UlMEElMDklM0NsaSUzRUV4ZWN1dGlvbiUyMG9mJTIwY2FzZXMlMjBhcmlzaW5nJTIwZnJvbSUyMGluaGVyaXRhbmNlJTIwbGF3JTIwc3VjaCUyMGFzJTIwbGVnYXRvciUyMGNvbGx1c2lvbiUyQyUyMGFubnVsbWVudCUyMG9mJTIwZGlzcG9zaXRpb24lMkMlMjBkZXRlcm1pbmF0aW9uJTIwb2YlMjBlc3RhdGUlMkMlMjBlbGltaW5hdGlvbiUyMG9mJTIwam9pbnQlMjBvd25lcnNoaXAlMkMlMjBkZXRlcm1pbmF0aW9uJTIwb2YlMjB1bndvcnRoaW5lc3MlMjB0byUyMGluaGVyaXQlMkMlMjBlcXVhbGl6YXRpb24lMkMlMjByZWR1Y3Rpb24lMkMlM0MlMkZsaSUzRSUwQSUwOSUzQ2xpJTNFUHJlcGFyYXRpb24lMjBvZiUyMGluaGVyaXRhbmNlJTIwYWdyZWVtZW50JTJDJTIwZGlzdHJpYnV0aW9uJTIwb2YlMjB0aGUlMjBpbmhlcml0YW5jZSUyQyUyMGFib2xpdGlvbiUyMG9mJTIwdGhlJTIwaW5oZXJpdGFuY2UlMjBhZ3JlZW1lbnQlMkMlMjBhbmQlMjBwcm92aWRpbmclMjBsZWdhbCUyMGNvbnN1bHRhbmN5JTIwaW4lMjBjYXNlcyUyMGFyaXNpbmclMjBmcm9tJTIwdGhlJTIwaW5oZXJpdGFuY2UlMjBhZ3JlZW1lbnQlMkMlM0MlMkZsaSUzRSUwQSUwOSUzQ2xpJTNFUHJvdmlkaW5nJTIwbGVnYWwlMjBjb25zdWx0YW5jeSUyMHNlcnZpY2VzJTIwaW4lMjBpbmhlcml0YW5jZSUyMHByb2Nlc3NlcyUyMHN1Y2glMjBhcyUyMCUwOXJlbnVuY2lhdGlvbiUyMG9mJTIwdGhlJTIwaW5oZXJpdGFuY2UlMkMlMjBkaXNpbmhlcml0YW5jZSUyMGFuZCUyMHJlYWxpemF0aW9uJTIwb2YlMjB0aGUlMjB3aXNoZXMlMjBvZiUyMHRoZSUyMGxlZ2F0b3IlMjBpbiUyMGFjY29yZGFuY2UlMjB3aXRoJTIwdGhlJTIwbGF3LiUzQyUyRmxpJTNFJTBBJTNDJTJGdWwlM0UlMEElM0MlMkZkaXYlM0U=[\/vc_raw_html][vc_empty_space height=&#8221;30px&#8221;][\/vc_column_inner][\/vc_row_inner][vc_empty_space height=&#8221;75px&#8221;][\/vc_column][\/vc_row][vc_row full_width=&#8221;stretch_row_content_no_spaces&#8221; content_placement=&#8221;middle&#8221; css=&#8221;.vc_custom_1671985438166{background-color: #101521 !important;}&#8221; el_class=&#8221;row_bulten_formu&#8221;][vc_column][vc_column_text]<div class=\"forminator-ui forminator-custom-form forminator-custom-form-11526 forminator-design--flat  forminator_ajax\" data-forminator-render=\"0\" data-form=\"forminator-module-11526\" data-uid=\"69fc83dfd3e42\"><br\/><\/div><form\n\t\t\t\tid=\"forminator-module-11526\"\n\t\t\t\tclass=\"forminator-ui forminator-custom-form forminator-custom-form-11526 forminator-design--flat  forminator_ajax\"\n\t\t\t\tmethod=\"post\"\n\t\t\t\tdata-forminator-render=\"0\"\n\t\t\t\tdata-form-id=\"11526\"\n\t\t\t\t\n\t\t\t\tdata-design=\"flat\"\n\t\t\t\t\n\t\t\t\t\n\t\t\t\t\n\t\t\t\tdata-grid=\"open\"\n\t\t\t\t\n\t\t\t\t\n\t\t\t\tstyle=\"display: none;\"\n\t\t\t\t\n\t\t\t\tdata-uid=\"69fc83dfd3e42\"\n\t\t\t><div role=\"alert\" aria-live=\"polite\" class=\"forminator-response-message forminator-error\" aria-hidden=\"true\"><\/div><div class=\"forminator-row\"><div id=\"section-1\" class=\"forminator-field-section forminator-col forminator-col-12  bulten_baslik\"><div class=\"forminator-field\"><h2 class=\"forminator-title\">Sign-up for Publications<\/h2><h3 class=\"forminator-subtitle\">Analysis, insights, news and reports<\/h3><\/div><\/div><\/div><div class=\"forminator-row\"><div id=\"email-1\" class=\"forminator-field-email forminator-col forminator-col-12  bulten_input\"><div class=\"forminator-field\"><input type=\"email\" name=\"email-1\" value=\"\" placeholder=\"Email Address\" id=\"forminator-field-email-1_69fc83dfd3e42\" class=\"forminator-input forminator-email--field\" data-required=\"\" aria-required=\"false\" \/><\/div><\/div><\/div><input type=\"hidden\" name=\"referer_url\" value=\"\" \/><div class=\"forminator-row forminator-row-last\"><div class=\"forminator-col\"><div class=\"forminator-field\"><button class=\"forminator-button forminator-button-submit bulten_button\">Subscribe<\/button><\/div><\/div><\/div><input type=\"hidden\" id=\"forminator_nonce\" name=\"forminator_nonce\" value=\"c818057d23\" \/><input type=\"hidden\" name=\"_wp_http_referer\" value=\"\/en\/wp-json\/wp\/v2\/pages\/10326\" \/><input type=\"hidden\" name=\"form_id\" value=\"11526\"><input type=\"hidden\" name=\"page_id\" value=\"10326\"><input type=\"hidden\" name=\"form_type\" value=\"default\"><input type=\"hidden\" name=\"current_url\" value=\"https:\/\/turhanlaw.com\/en\/practice-areas\/family-and-inheritance-law\/\"><input type=\"hidden\" name=\"render_id\" value=\"0\"><input type=\"hidden\" name=\"action\" value=\"forminator_submit_form_custom-forms\"><\/form>[\/vc_column_text][\/vc_column][\/vc_row]<\/p>\n","protected":false},"excerpt":{"rendered":"<p>Our law firm provides various legal services intended to the requirements of clients in the field of family and inheritance law, in this context some of our services are as follows:<br \/>\nPursuing the uncontested and contested divorce cases,<br \/>\nDrawing up protocols for uncontested divorce,<br \/>\nRepresenting the client in the divorce suits, alimony cases, custody of joint child, in the suits for pecuniary and non-pecuniary damages and in division of matrimonial property cases within the spouses,<br \/>\nDrawing up property regime agreements between spouses before marriage and providing consultancy services on this subject,<br \/>\nRepresenting clients in the lawsuits to be filed in order to recover pecuniary and non-pecuniary damages arising from breach of promise,<br \/>\nRecognition and enforcement of divorce decisions taken by foreign courts about Turkish citizens living abroad,<br \/>\nPursuing establishment and rejection of paternity cases,<br \/>\nExecution of guardianship cases and guardian appointment processes,<br \/>\nObtaining certificate of inheritance (miras\u00e7\u0131l\u0131k belgesi), execution of inheritance and succession procedures,<br \/>\nPreparation of a will, cancellation of an existing will, providing legal consultancy services in the processes of opening the will and reading it to the relevant parties,<br \/>\nExecution of cases arising from inheritance law such as legator collusion, annulment of disposition, determination of estate, elimination of joint ownership, determination of unworthiness to inherit, equalization, reduction,<br \/>\nPreparation of inheritance agreement, distribution of the inheritance, abolition of the inheritance agreement, and providing legal consultancy in cases arising from the inheritance agreement,<br \/>\nProviding legal consultancy services in inheritance processes such as renunciation of the inheritance, disinheritance and realization of the wishes of the legator in accordance with the law.<\/p>\n","protected":false},"author":1,"featured_media":12551,"parent":10323,"menu_order":0,"comment_status":"closed","ping_status":"closed","template":"","meta":{"footnotes":""},"class_list":["post-10326","page","type-page","status-publish","has-post-thumbnail","hentry"],"_links":{"self":[{"href":"https:\/\/turhanlaw.com\/en\/wp-json\/wp\/v2\/pages\/10326"}],"collection":[{"href":"https:\/\/turhanlaw.com\/en\/wp-json\/wp\/v2\/pages"}],"about":[{"href":"https:\/\/turhanlaw.com\/en\/wp-json\/wp\/v2\/types\/page"}],"author":[{"embeddable":true,"href":"https:\/\/turhanlaw.com\/en\/wp-json\/wp\/v2\/users\/1"}],"replies":[{"embeddable":true,"href":"https:\/\/turhanlaw.com\/en\/wp-json\/wp\/v2\/comments?post=10326"}],"version-history":[{"count":0,"href":"https:\/\/turhanlaw.com\/en\/wp-json\/wp\/v2\/pages\/10326\/revisions"}],"up":[{"embeddable":true,"href":"https:\/\/turhanlaw.com\/en\/wp-json\/wp\/v2\/pages\/10323"}],"wp:featuredmedia":[{"embeddable":true,"href":"https:\/\/turhanlaw.com\/en\/wp-json\/wp\/v2\/media\/12551"}],"wp:attachment":[{"href":"https:\/\/turhanlaw.com\/en\/wp-json\/wp\/v2\/media?parent=10326"}],"curies":[{"name":"wp","href":"https:\/\/api.w.org\/{rel}","templated":true}]}}